{"id":2117,"date":"2025-06-17T12:02:06","date_gmt":"2025-06-17T12:02:06","guid":{"rendered":"https:\/\/staging.eurosilo.com\/politique-de-confidentialite\/"},"modified":"2025-07-11T13:25:36","modified_gmt":"2025-07-11T13:25:36","slug":"politique-de-confidentialite","status":"publish","type":"page","link":"https:\/\/eurosilo.com\/fr\/politique-de-confidentialite\/","title":{"rendered":"Politique de confidentialit\u00e9"},"content":{"rendered":"\t\t<div data-elementor-type=\"wp-page\" data-elementor-id=\"2117\" class=\"elementor elementor-2117 elementor-1347\" data-elementor-settings=\"{&quot;ha_cmc_init_switcher&quot;:&quot;no&quot;}\" data-elementor-post-type=\"page\">\n\t\t\t\t<div class=\"elementor-element elementor-element-3d72562 e-con-full e-flex e-con e-parent\" data-id=\"3d72562\" data-element_type=\"container\" data-e-type=\"container\" data-settings=\"{&quot;background_background&quot;:&quot;classic&quot;,&quot;_ha_eqh_enable&quot;:false}\">\n\t\t\t\t<div class=\"elementor-element elementor-element-9a0e6f5 elementor-widget elementor-widget-heading\" data-id=\"9a0e6f5\" data-element_type=\"widget\" data-e-type=\"widget\" data-widget_type=\"heading.default\">\n\t\t\t\t<div class=\"elementor-widget-container\">\n\t\t\t\t\t<h1 class=\"elementor-heading-title elementor-size-default\">Politique de confidentialit\u00e9<\/h1>\t\t\t\t<\/div>\n\t\t\t\t<\/div>\n\t\t\t\t<\/div>\n\t\t<div class=\"elementor-element elementor-element-7ad66b7 e-flex e-con-boxed e-con e-parent\" data-id=\"7ad66b7\" data-element_type=\"container\" data-e-type=\"container\" data-settings=\"{&quot;background_background&quot;:&quot;classic&quot;,&quot;_ha_eqh_enable&quot;:false}\">\n\t\t\t\t\t<div class=\"e-con-inner\">\n\t\t\t\t<div class=\"elementor-element elementor-element-0d9ba34 elementor-icon-list--layout-inline elementor-align-center elementor-mobile-align-start elementor-list-item-link-full_width elementor-widget elementor-widget-global elementor-global-2943 elementor-global-100 elementor-widget-icon-list\" data-id=\"0d9ba34\" data-element_type=\"widget\" data-e-type=\"widget\" data-widget_type=\"icon-list.default\">\n\t\t\t\t<div class=\"elementor-widget-container\">\n\t\t\t\t\t\t\t<ul class=\"elementor-icon-list-items elementor-inline-items\">\n\t\t\t\t\t\t\t<li class=\"elementor-icon-list-item elementor-inline-item\">\n\t\t\t\t\t\t\t\t\t\t\t<span class=\"elementor-icon-list-icon\">\n\t\t\t\t\t\t\t<svg aria-hidden=\"true\" class=\"e-font-icon-svg e-fas-check\" viewBox=\"0 0 512 512\" xmlns=\"http:\/\/www.w3.org\/2000\/svg\"><path d=\"M173.898 439.404l-166.4-166.4c-9.997-9.997-9.997-26.206 0-36.204l36.203-36.204c9.997-9.998 26.207-9.998 36.204 0L192 312.69 432.095 72.596c9.997-9.997 26.207-9.997 36.204 0l36.203 36.204c9.997 9.997 9.997 26.206 0 36.204l-294.4 294.401c-9.998 9.997-26.207 9.997-36.204-.001z\"><\/path><\/svg>\t\t\t\t\t\t<\/span>\n\t\t\t\t\t\t\t\t\t\t<span class=\"elementor-icon-list-text\">Grande capacit\u00e9 de stockage<\/span>\n\t\t\t\t\t\t\t\t\t<\/li>\n\t\t\t\t\t\t\t\t<li class=\"elementor-icon-list-item elementor-inline-item\">\n\t\t\t\t\t\t\t\t\t\t\t<span class=\"elementor-icon-list-icon\">\n\t\t\t\t\t\t\t<svg aria-hidden=\"true\" class=\"e-font-icon-svg e-fas-check\" viewBox=\"0 0 512 512\" xmlns=\"http:\/\/www.w3.org\/2000\/svg\"><path d=\"M173.898 439.404l-166.4-166.4c-9.997-9.997-9.997-26.206 0-36.204l36.203-36.204c9.997-9.998 26.207-9.998 36.204 0L192 312.69 432.095 72.596c9.997-9.997 26.207-9.997 36.204 0l36.203 36.204c9.997 9.997 9.997 26.206 0 36.204l-294.4 294.401c-9.998 9.997-26.207 9.997-36.204-.001z\"><\/path><\/svg>\t\t\t\t\t\t<\/span>\n\t\t\t\t\t\t\t\t\t\t<span class=\"elementor-icon-list-text\">Gagner de l'espace<\/span>\n\t\t\t\t\t\t\t\t\t<\/li>\n\t\t\t\t\t\t\t\t<li class=\"elementor-icon-list-item elementor-inline-item\">\n\t\t\t\t\t\t\t\t\t\t\t<span class=\"elementor-icon-list-icon\">\n\t\t\t\t\t\t\t<svg aria-hidden=\"true\" class=\"e-font-icon-svg e-fas-check\" viewBox=\"0 0 512 512\" xmlns=\"http:\/\/www.w3.org\/2000\/svg\"><path d=\"M173.898 439.404l-166.4-166.4c-9.997-9.997-9.997-26.206 0-36.204l36.203-36.204c9.997-9.998 26.207-9.998 36.204 0L192 312.69 432.095 72.596c9.997-9.997 26.207-9.997 36.204 0l36.203 36.204c9.997 9.997 9.997 26.206 0 36.204l-294.4 294.401c-9.998 9.997-26.207 9.997-36.204-.001z\"><\/path><\/svg>\t\t\t\t\t\t<\/span>\n\t\t\t\t\t\t\t\t\t\t<span class=\"elementor-icon-list-text\">Sans danger pour l'environnement<\/span>\n\t\t\t\t\t\t\t\t\t<\/li>\n\t\t\t\t\t\t\t\t<li class=\"elementor-icon-list-item elementor-inline-item\">\n\t\t\t\t\t\t\t\t\t\t\t<span class=\"elementor-icon-list-icon\">\n\t\t\t\t\t\t\t<svg aria-hidden=\"true\" class=\"e-font-icon-svg e-fas-check\" viewBox=\"0 0 512 512\" xmlns=\"http:\/\/www.w3.org\/2000\/svg\"><path d=\"M173.898 439.404l-166.4-166.4c-9.997-9.997-9.997-26.206 0-36.204l36.203-36.204c9.997-9.998 26.207-9.998 36.204 0L192 312.69 432.095 72.596c9.997-9.997 26.207-9.997 36.204 0l36.203 36.204c9.997 9.997 9.997 26.206 0 36.204l-294.4 294.401c-9.998 9.997-26.207 9.997-36.204-.001z\"><\/path><\/svg>\t\t\t\t\t\t<\/span>\n\t\t\t\t\t\t\t\t\t\t<span class=\"elementor-icon-list-text\">Enti\u00e8rement automatis\u00e9<\/span>\n\t\t\t\t\t\t\t\t\t<\/li>\n\t\t\t\t\t\t<\/ul>\n\t\t\t\t\t\t<\/div>\n\t\t\t\t<\/div>\n\t\t\t\t\t<\/div>\n\t\t\t\t<\/div>\n\t\t<div class=\"elementor-element elementor-element-12afd2a e-flex e-con-boxed e-con e-parent\" data-id=\"12afd2a\" data-element_type=\"container\" data-e-type=\"container\" data-settings=\"{&quot;_ha_eqh_enable&quot;:false}\">\n\t\t\t\t\t<div class=\"e-con-inner\">\n\t\t\t\t<div class=\"elementor-element elementor-element-07a9208 elementor-widget elementor-widget-text-editor\" data-id=\"07a9208\" data-element_type=\"widget\" data-e-type=\"widget\" data-widget_type=\"text-editor.default\">\n\t\t\t\t<div class=\"elementor-widget-container\">\n\t\t\t\t\t\t\t\t\t<div class=\"col-md-10\"><p>ESI Eurosilo BV, Newtonstraat 26-28, 1446 VR, Purmerend, (ESI) Pays-Bas, est responsable du traitement des donn\u00e9es personnelles tel que d\u00e9crit dans cette d\u00e9claration de confidentialit\u00e9.<\/p><h2>Coordonn\u00e9es de la personne \u00e0 contacter<\/h2><p>www.eurosilo.com<br>Newtonstraat 26-28, 1446 VR, Purmerend<br>0299630730<\/p><h2>Donn\u00e9es personnelles que nous traitons<\/h2><p>ESI traite vos donn\u00e9es personnelles parce que vous utilisez nos services et\/ou parce que vous nous fournissez vous-m\u00eame ces donn\u00e9es. Vous trouverez ci-dessous un aper\u00e7u des donn\u00e9es personnelles que nous traitons :<br>&#8211; Nom et pr\u00e9nom<br>&#8211; Num\u00e9ro de t\u00e9l\u00e9phone<br>&#8211; Adresse e-mail<br>&#8211; Votre adresse IP<br>&#8211; Donn\u00e9es relatives \u00e0 vos activit\u00e9s sur notre site web<br>&#8211; Donn\u00e9es relatives \u00e0 votre comportement de navigation sur diff\u00e9rents sites web (par exemple parce que cette entreprise fait partie d&rsquo;un r\u00e9seau publicitaire)<br>&#8211; Navigateur Internet et type d&rsquo;appareil <\/p><h2>Donn\u00e9es personnelles sp\u00e9ciales et\/ou sensibles que nous traitons  <\/h2><p>Notre site web et\/ou service n&rsquo;a pas l&rsquo;intention de collecter des donn\u00e9es sur les visiteurs du site web \u00e2g\u00e9s de moins de 16 ans. \u00c0 moins qu&rsquo;ils n&rsquo;aient l&rsquo;autorisation de leurs parents ou de leur tuteur. Toutefois, nous ne pouvons pas v\u00e9rifier si un visiteur a plus de 16 ans. Nous recommandons donc aux parents d&rsquo;\u00eatre impliqu\u00e9s dans les activit\u00e9s en ligne de leurs enfants, afin d&rsquo;\u00e9viter que des donn\u00e9es soient collect\u00e9es sur des enfants sans l&rsquo;autorisation des parents. Si vous \u00eates convaincu que nous avons collect\u00e9 des donn\u00e9es personnelles sur un mineur sans son consentement, veuillez nous contacter \u00e0 l&rsquo;adresse esi@eurosilo.com et nous supprimerons ces informations.    <\/p><h2>Dans quel but et sur quelle base nous traitons les donn\u00e9es \u00e0 caract\u00e8re personnel<\/h2><p>ESI traite vos donn\u00e9es personnelles aux fins suivantes :<br>&#8211; Vous envoyer notre bulletin d&rsquo;information et\/ou notre brochure publicitaire<br>&#8211; Pouvoir vous appeler ou vous envoyer un e-mail si cela est n\u00e9cessaire \u00e0 l&rsquo;ex\u00e9cution de nos services<br>&#8211; Vous informer des changements apport\u00e9s \u00e0 nos services et \u00e0 nos produits<\/p><h2>Prise de d\u00e9cision automatis\u00e9e<\/h2><p>ESI ne prend aucune d\u00e9cision bas\u00e9e sur un traitement automatis\u00e9 qui pourrait avoir des cons\u00e9quences (significatives) pour les personnes. Ces d\u00e9cisions sont prises par des programmes ou des syst\u00e8mes informatiques, sans qu&rsquo;un \u00eatre humain (par exemple un employ\u00e9 d&rsquo;ESI) ne soit impliqu\u00e9. <\/p><h2>Dur\u00e9e de conservation des donn\u00e9es personnelles<\/h2><p>ESI ne conserve pas vos donn\u00e9es personnelles plus longtemps que ce qui est strictement n\u00e9cessaire pour atteindre les objectifs pour lesquels vos donn\u00e9es ont \u00e9t\u00e9 collect\u00e9es.<\/p><h2>Partage de donn\u00e9es personnelles avec des tiers<\/h2><p>ESI ne fournit des donn\u00e9es personnelles \u00e0 des tiers que si cela est n\u00e9cessaire pour l&rsquo;ex\u00e9cution de notre contrat avec vous ou pour se conformer \u00e0 une obligation l\u00e9gale.<\/p><h2>Cookies ou techniques similaires que nous utilisons<\/h2><p>ESI utilise des cookies fonctionnels, analytiques et de suivi. Un cookie est un petit fichier texte qui est stock\u00e9 dans le navigateur de votre ordinateur, tablette ou smartphone lors de votre premi\u00e8re visite sur ce site web. ESI utilise des cookies ayant une fonctionnalit\u00e9 purement technique. Ceux-ci garantissent que le site web fonctionne correctement et que, par exemple, vos pr\u00e9f\u00e9rences sont m\u00e9moris\u00e9es. Ces cookies sont \u00e9galement utilis\u00e9s pour que le site web fonctionne correctement et pour l&rsquo;optimiser. En outre, nous pla\u00e7ons des cookies qui suivent votre comportement de navigation afin de pouvoir vous proposer un contenu et des publicit\u00e9s sur mesure. Lors de votre premi\u00e8re visite sur notre site web, nous vous avons inform\u00e9 de l&rsquo;existence de ces cookies et vous avons demand\u00e9 la permission de les placer. Vous pouvez vous d\u00e9sabonner des cookies en configurant votre navigateur Internet de mani\u00e8re \u00e0 ce qu&rsquo;il ne stocke plus de cookies. En outre, vous pouvez supprimer toutes les informations qui ont \u00e9t\u00e9 stock\u00e9es pr\u00e9c\u00e9demment en utilisant les param\u00e8tres de votre navigateur. Pour plus d&rsquo;informations sur les cookies, consultez notre d\u00e9claration sur les cookies.         <\/p><h2>Consulter, modifier ou supprimer des donn\u00e9es<\/h2><p>Vous avez le droit de consulter, de corriger ou de supprimer vos donn\u00e9es personnelles. Vous avez \u00e9galement le droit de retirer votre autorisation pour le traitement des donn\u00e9es ou de vous opposer au traitement de vos donn\u00e9es personnelles par ESI et vous avez le droit \u00e0 la portabilit\u00e9 des donn\u00e9es. Cela signifie que vous pouvez nous demander d&rsquo;envoyer les donn\u00e9es personnelles que nous avons sur vous dans un fichier informatique \u00e0 vous-m\u00eame ou \u00e0 une autre organisation que vous avez d\u00e9sign\u00e9e. Vous pouvez envoyer une demande d&rsquo;inspection, de correction, de suppression, de modification des donn\u00e9es ou une demande de retrait de votre autorisation ou de votre objection au traitement de vos donn\u00e9es personnelles \u00e0 esi@eurosilo.com. Pour nous assurer que la demande d&rsquo;inspection a \u00e9t\u00e9 faite par vous, nous vous demandons d&rsquo;envoyer une copie de votre pi\u00e8ce d&rsquo;identit\u00e9 avec la demande. Veillez \u00e0 ce que la photo de votre passeport, la MRZ (zone de lecture automatique), le num\u00e9ro de votre passeport et le num\u00e9ro de service du citoyen (BSN) soient noircis sur cette copie. Ceci afin de prot\u00e9ger votre vie priv\u00e9e. Nous r\u00e9pondrons \u00e0 votre demande le plus rapidement possible, dans un d\u00e9lai de quatre semaines. ESI souhaite \u00e9galement souligner que vous avez la possibilit\u00e9 de d\u00e9poser une plainte aupr\u00e8s de l&rsquo;autorit\u00e9 de contr\u00f4le nationale, l&rsquo;Autorit\u00e9 n\u00e9erlandaise des donn\u00e9es personnelles. Vous pouvez le faire via le lien suivant : https:\/\/autoriteitpersoonsgegevens.nl\/nl\/contact-met-de-autoriteit-persoonsgegevens\/tip-ons         <\/p><h2>Comment nous prot\u00e9geons les donn\u00e9es personnelles<\/h2><p>ESI prend au s\u00e9rieux la protection de vos donn\u00e9es et prend des mesures appropri\u00e9es pour pr\u00e9venir les abus, les pertes, les acc\u00e8s non autoris\u00e9s, les divulgations non d\u00e9sir\u00e9es et les modifications non autoris\u00e9es. Si vous estimez que vos informations ne sont pas correctement prot\u00e9g\u00e9es ou s&rsquo;il existe des indices d&rsquo;abus, veuillez contacter notre service client\u00e8le ou esi@eurosilo.com. <\/p><section class=\"bg-section clr \"><\/section><\/div>\t\t\t\t\t\t\t\t<\/div>\n\t\t\t\t<\/div>\n\t\t\t\t\t<\/div>\n\t\t\t\t<\/div>\n\t\t\t\t<\/div>\n\t\t","protected":false},"excerpt":{"rendered":"<p>Politique de confidentialit\u00e9 Large storage capacity Saving valuable space Environmentally safe Fully automated ESI Eurosilo BV, Newtonstraat 26-28, 1446 VR, [&hellip;]<\/p>\n","protected":false},"author":2,"featured_media":0,"parent":0,"menu_order":0,"comment_status":"closed","ping_status":"closed","template":"elementor_header_footer","meta":{"site-sidebar-layout":"no-sidebar","site-content-layout":"plain-container","ast-site-content-layout":"full-width-container","site-content-style":"default","site-sidebar-style":"default","ast-global-header-display":"","ast-banner-title-visibility":"","ast-main-header-display":"","ast-hfb-above-header-display":"","ast-hfb-below-header-display":"","ast-hfb-mobile-header-display":"","site-post-title":"disabled","ast-breadcrumbs-content":"","ast-featured-img":"disabled","footer-sml-layout":"","ast-disable-related-posts":"","theme-transparent-header-meta":"enabled","adv-header-id-meta":"","stick-header-meta":"","header-above-stick-meta":"","header-main-stick-meta":"","header-below-stick-meta":"","astra-migrate-meta-layouts":"default","ast-page-background-enabled":"default","ast-page-background-meta":{"desktop":{"background-color":"var(--ast-global-color-5)","background-image":"","background-repeat":"repeat","background-position":"center center","background-size":"auto","background-attachment":"scroll","background-type":"","background-media":"","overlay-type":"","overlay-color":"","overlay-opacity":"","overlay-gradient":""},"tablet":{"background-color":"","background-image":"","background-repeat":"repeat","background-position":"center center","background-size":"auto","background-attachment":"scroll","background-type":"","background-media":"","overlay-type":"","overlay-color":"","overlay-opacity":"","overlay-gradient":""},"mobile":{"background-color":"","background-image":"","background-repeat":"repeat","background-position":"center center","background-size":"auto","background-attachment":"scroll","background-type":"","background-media":"","overlay-type":"","overlay-color":"","overlay-opacity":"","overlay-gradient":""}},"ast-content-background-meta":{"desktop":{"background-color":"var(--ast-global-color-4)","background-image":"","background-repeat":"repeat","background-position":"center center","background-size":"auto","background-attachment":"scroll","background-type":"","background-media":"","overlay-type":"","overlay-color":"","overlay-opacity":"","overlay-gradient":""},"tablet":{"background-color":"var(--ast-global-color-4)","background-image":"","background-repeat":"repeat","background-position":"center center","background-size":"auto","background-attachment":"scroll","background-type":"","background-media":"","overlay-type":"","overlay-color":"","overlay-opacity":"","overlay-gradient":""},"mobile":{"background-color":"var(--ast-global-color-4)","background-image":"","background-repeat":"repeat","background-position":"center center","background-size":"auto","background-attachment":"scroll","background-type":"","background-media":"","overlay-type":"","overlay-color":"","overlay-opacity":"","overlay-gradient":""}},"footnotes":""},"class_list":["post-2117","page","type-page","status-publish","hentry"],"yoast_head":"<!-- This site is optimized with the Yoast SEO plugin v27.3 - https:\/\/yoast.com\/product\/yoast-seo-wordpress\/ -->\n<title>Politique de confidentialit\u00e9 | ESI Eurosilo | Solutions de stockage et technologie<\/title>\n<meta name=\"robots\" content=\"index, follow, max-snippet:-1, max-image-preview:large, max-video-preview:-1\" \/>\n<link rel=\"canonical\" href=\"https:\/\/eurosilo.com\/fr\/politique-de-confidentialite\/\" \/>\n<meta property=\"og:locale\" content=\"fr_FR\" \/>\n<meta property=\"og:type\" content=\"article\" \/>\n<meta property=\"og:title\" content=\"Politique de confidentialit\u00e9 | ESI Eurosilo | Solutions de stockage et technologie\" \/>\n<meta property=\"og:description\" content=\"Politique de confidentialit\u00e9 Large storage capacity Saving valuable space Environmentally safe Fully automated ESI Eurosilo BV, Newtonstraat 26-28, 1446 VR, [&hellip;]\" \/>\n<meta property=\"og:url\" content=\"https:\/\/eurosilo.com\/fr\/politique-de-confidentialite\/\" \/>\n<meta property=\"og:site_name\" content=\"ESI Eurosilo | Leader mondial du stockage vertical\" \/>\n<meta property=\"article:modified_time\" content=\"2025-07-11T13:25:36+00:00\" \/>\n<meta name=\"twitter:card\" content=\"summary_large_image\" \/>\n<meta name=\"twitter:label1\" content=\"Dur\u00e9e de lecture estim\u00e9e\" \/>\n\t<meta name=\"twitter:data1\" content=\"5 minutes\" \/>\n<script type=\"application\/ld+json\" class=\"yoast-schema-graph\">{\"@context\":\"https:\\\/\\\/schema.org\",\"@graph\":[{\"@type\":\"WebPage\",\"@id\":\"https:\\\/\\\/eurosilo.com\\\/fr\\\/politique-de-confidentialite\\\/\",\"url\":\"https:\\\/\\\/eurosilo.com\\\/fr\\\/politique-de-confidentialite\\\/\",\"name\":\"Politique de confidentialit\u00e9 | ESI Eurosilo | Solutions de stockage et technologie\",\"isPartOf\":{\"@id\":\"https:\\\/\\\/eurosilo.com\\\/fr\\\/#website\"},\"datePublished\":\"2025-06-17T12:02:06+00:00\",\"dateModified\":\"2025-07-11T13:25:36+00:00\",\"breadcrumb\":{\"@id\":\"https:\\\/\\\/eurosilo.com\\\/fr\\\/politique-de-confidentialite\\\/#breadcrumb\"},\"inLanguage\":\"fr-FR\",\"potentialAction\":[{\"@type\":\"ReadAction\",\"target\":[\"https:\\\/\\\/eurosilo.com\\\/fr\\\/politique-de-confidentialite\\\/\"]}]},{\"@type\":\"BreadcrumbList\",\"@id\":\"https:\\\/\\\/eurosilo.com\\\/fr\\\/politique-de-confidentialite\\\/#breadcrumb\",\"itemListElement\":[{\"@type\":\"ListItem\",\"position\":1,\"name\":\"Home\",\"item\":\"https:\\\/\\\/eurosilo.com\\\/fr\\\/accueil\\\/\"},{\"@type\":\"ListItem\",\"position\":2,\"name\":\"Politique de confidentialit\u00e9\"}]},{\"@type\":\"WebSite\",\"@id\":\"https:\\\/\\\/eurosilo.com\\\/fr\\\/#website\",\"url\":\"https:\\\/\\\/eurosilo.com\\\/fr\\\/\",\"name\":\"ESI Eurosilo | Leader mondial du stockage vertical\",\"description\":\"\",\"publisher\":{\"@id\":\"https:\\\/\\\/eurosilo.com\\\/fr\\\/#organization\"},\"potentialAction\":[{\"@type\":\"SearchAction\",\"target\":{\"@type\":\"EntryPoint\",\"urlTemplate\":\"https:\\\/\\\/eurosilo.com\\\/fr\\\/?s={search_term_string}\"},\"query-input\":{\"@type\":\"PropertyValueSpecification\",\"valueRequired\":true,\"valueName\":\"search_term_string\"}}],\"inLanguage\":\"fr-FR\"},{\"@type\":\"Organization\",\"@id\":\"https:\\\/\\\/eurosilo.com\\\/fr\\\/#organization\",\"name\":\"ESI Eurosilo | Leader mondial du stockage vertical\",\"url\":\"https:\\\/\\\/eurosilo.com\\\/fr\\\/\",\"logo\":{\"@type\":\"ImageObject\",\"inLanguage\":\"fr-FR\",\"@id\":\"https:\\\/\\\/eurosilo.com\\\/fr\\\/#\\\/schema\\\/logo\\\/image\\\/\",\"url\":\"https:\\\/\\\/eurosilo.com\\\/wp-content\\\/uploads\\\/2025\\\/05\\\/logo2.png\",\"contentUrl\":\"https:\\\/\\\/eurosilo.com\\\/wp-content\\\/uploads\\\/2025\\\/05\\\/logo2.png\",\"width\":1500,\"height\":300,\"caption\":\"ESI Eurosilo | Leader mondial du stockage vertical\"},\"image\":{\"@id\":\"https:\\\/\\\/eurosilo.com\\\/fr\\\/#\\\/schema\\\/logo\\\/image\\\/\"}}]}<\/script>\n<!-- \/ Yoast SEO plugin. -->","yoast_head_json":{"title":"Politique de confidentialit\u00e9 | ESI Eurosilo | Solutions de stockage et technologie","robots":{"index":"index","follow":"follow","max-snippet":"max-snippet:-1","max-image-preview":"max-image-preview:large","max-video-preview":"max-video-preview:-1"},"canonical":"https:\/\/eurosilo.com\/fr\/politique-de-confidentialite\/","og_locale":"fr_FR","og_type":"article","og_title":"Politique de confidentialit\u00e9 | ESI Eurosilo | Solutions de stockage et technologie","og_description":"Politique de confidentialit\u00e9 Large storage capacity Saving valuable space Environmentally safe Fully automated ESI Eurosilo BV, Newtonstraat 26-28, 1446 VR, [&hellip;]","og_url":"https:\/\/eurosilo.com\/fr\/politique-de-confidentialite\/","og_site_name":"ESI Eurosilo | Leader mondial du stockage vertical","article_modified_time":"2025-07-11T13:25:36+00:00","twitter_card":"summary_large_image","twitter_misc":{"Dur\u00e9e de lecture estim\u00e9e":"5 minutes"},"schema":{"@context":"https:\/\/schema.org","@graph":[{"@type":"WebPage","@id":"https:\/\/eurosilo.com\/fr\/politique-de-confidentialite\/","url":"https:\/\/eurosilo.com\/fr\/politique-de-confidentialite\/","name":"Politique de confidentialit\u00e9 | ESI Eurosilo | Solutions de stockage et technologie","isPartOf":{"@id":"https:\/\/eurosilo.com\/fr\/#website"},"datePublished":"2025-06-17T12:02:06+00:00","dateModified":"2025-07-11T13:25:36+00:00","breadcrumb":{"@id":"https:\/\/eurosilo.com\/fr\/politique-de-confidentialite\/#breadcrumb"},"inLanguage":"fr-FR","potentialAction":[{"@type":"ReadAction","target":["https:\/\/eurosilo.com\/fr\/politique-de-confidentialite\/"]}]},{"@type":"BreadcrumbList","@id":"https:\/\/eurosilo.com\/fr\/politique-de-confidentialite\/#breadcrumb","itemListElement":[{"@type":"ListItem","position":1,"name":"Home","item":"https:\/\/eurosilo.com\/fr\/accueil\/"},{"@type":"ListItem","position":2,"name":"Politique de confidentialit\u00e9"}]},{"@type":"WebSite","@id":"https:\/\/eurosilo.com\/fr\/#website","url":"https:\/\/eurosilo.com\/fr\/","name":"ESI Eurosilo | Leader mondial du stockage vertical","description":"","publisher":{"@id":"https:\/\/eurosilo.com\/fr\/#organization"},"potentialAction":[{"@type":"SearchAction","target":{"@type":"EntryPoint","urlTemplate":"https:\/\/eurosilo.com\/fr\/?s={search_term_string}"},"query-input":{"@type":"PropertyValueSpecification","valueRequired":true,"valueName":"search_term_string"}}],"inLanguage":"fr-FR"},{"@type":"Organization","@id":"https:\/\/eurosilo.com\/fr\/#organization","name":"ESI Eurosilo | Leader mondial du stockage vertical","url":"https:\/\/eurosilo.com\/fr\/","logo":{"@type":"ImageObject","inLanguage":"fr-FR","@id":"https:\/\/eurosilo.com\/fr\/#\/schema\/logo\/image\/","url":"https:\/\/eurosilo.com\/wp-content\/uploads\/2025\/05\/logo2.png","contentUrl":"https:\/\/eurosilo.com\/wp-content\/uploads\/2025\/05\/logo2.png","width":1500,"height":300,"caption":"ESI Eurosilo | Leader mondial du stockage vertical"},"image":{"@id":"https:\/\/eurosilo.com\/fr\/#\/schema\/logo\/image\/"}}]}},"_links":{"self":[{"href":"https:\/\/eurosilo.com\/fr\/wp-json\/wp\/v2\/pages\/2117","targetHints":{"allow":["GET"]}}],"collection":[{"href":"https:\/\/eurosilo.com\/fr\/wp-json\/wp\/v2\/pages"}],"about":[{"href":"https:\/\/eurosilo.com\/fr\/wp-json\/wp\/v2\/types\/page"}],"author":[{"embeddable":true,"href":"https:\/\/eurosilo.com\/fr\/wp-json\/wp\/v2\/users\/2"}],"replies":[{"embeddable":true,"href":"https:\/\/eurosilo.com\/fr\/wp-json\/wp\/v2\/comments?post=2117"}],"version-history":[{"count":3,"href":"https:\/\/eurosilo.com\/fr\/wp-json\/wp\/v2\/pages\/2117\/revisions"}],"predecessor-version":[{"id":2763,"href":"https:\/\/eurosilo.com\/fr\/wp-json\/wp\/v2\/pages\/2117\/revisions\/2763"}],"wp:attachment":[{"href":"https:\/\/eurosilo.com\/fr\/wp-json\/wp\/v2\/media?parent=2117"}],"curies":[{"name":"wp","href":"https:\/\/api.w.org\/{rel}","templated":true}]}}