{"id":2278,"date":"2025-06-17T12:02:06","date_gmt":"2025-06-17T12:02:06","guid":{"rendered":"https:\/\/staging.eurosilo.com\/politica-de-privacidad\/"},"modified":"2025-07-11T12:59:38","modified_gmt":"2025-07-11T12:59:38","slug":"politica-de-privacidad","status":"publish","type":"page","link":"https:\/\/eurosilo.com\/es\/politica-de-privacidad\/","title":{"rendered":"Pol\u00edtica de privacidad"},"content":{"rendered":"\t\t<div data-elementor-type=\"wp-page\" data-elementor-id=\"2278\" class=\"elementor elementor-2278 elementor-1347\" data-elementor-settings=\"{&quot;ha_cmc_init_switcher&quot;:&quot;no&quot;}\" data-elementor-post-type=\"page\">\n\t\t\t\t<div class=\"elementor-element elementor-element-3d72562 e-con-full e-flex e-con e-parent\" data-id=\"3d72562\" data-element_type=\"container\" data-e-type=\"container\" data-settings=\"{&quot;background_background&quot;:&quot;classic&quot;,&quot;_ha_eqh_enable&quot;:false}\">\n\t\t\t\t<div class=\"elementor-element elementor-element-9a0e6f5 elementor-widget elementor-widget-heading\" data-id=\"9a0e6f5\" data-element_type=\"widget\" data-e-type=\"widget\" data-widget_type=\"heading.default\">\n\t\t\t\t<div class=\"elementor-widget-container\">\n\t\t\t\t\t<h1 class=\"elementor-heading-title elementor-size-default\">Pol\u00edtica de privacidad<\/h1>\t\t\t\t<\/div>\n\t\t\t\t<\/div>\n\t\t\t\t<\/div>\n\t\t<div class=\"elementor-element elementor-element-7ad66b7 e-flex e-con-boxed e-con e-parent\" data-id=\"7ad66b7\" data-element_type=\"container\" data-e-type=\"container\" data-settings=\"{&quot;background_background&quot;:&quot;classic&quot;,&quot;_ha_eqh_enable&quot;:false}\">\n\t\t\t\t\t<div class=\"e-con-inner\">\n\t\t\t\t<div class=\"elementor-element elementor-element-0d9ba34 elementor-icon-list--layout-inline elementor-align-center elementor-mobile-align-start elementor-list-item-link-full_width elementor-widget elementor-widget-global elementor-global-2338 elementor-global-100 elementor-widget-icon-list\" data-id=\"0d9ba34\" data-element_type=\"widget\" data-e-type=\"widget\" data-widget_type=\"icon-list.default\">\n\t\t\t\t<div class=\"elementor-widget-container\">\n\t\t\t\t\t\t\t<ul class=\"elementor-icon-list-items elementor-inline-items\">\n\t\t\t\t\t\t\t<li class=\"elementor-icon-list-item elementor-inline-item\">\n\t\t\t\t\t\t\t\t\t\t\t<span class=\"elementor-icon-list-icon\">\n\t\t\t\t\t\t\t<svg aria-hidden=\"true\" class=\"e-font-icon-svg e-fas-check\" viewBox=\"0 0 512 512\" xmlns=\"http:\/\/www.w3.org\/2000\/svg\"><path d=\"M173.898 439.404l-166.4-166.4c-9.997-9.997-9.997-26.206 0-36.204l36.203-36.204c9.997-9.998 26.207-9.998 36.204 0L192 312.69 432.095 72.596c9.997-9.997 26.207-9.997 36.204 0l36.203 36.204c9.997 9.997 9.997 26.206 0 36.204l-294.4 294.401c-9.998 9.997-26.207 9.997-36.204-.001z\"><\/path><\/svg>\t\t\t\t\t\t<\/span>\n\t\t\t\t\t\t\t\t\t\t<span class=\"elementor-icon-list-text\">Gran capacidad de almacenamiento<\/span>\n\t\t\t\t\t\t\t\t\t<\/li>\n\t\t\t\t\t\t\t\t<li class=\"elementor-icon-list-item elementor-inline-item\">\n\t\t\t\t\t\t\t\t\t\t\t<span class=\"elementor-icon-list-icon\">\n\t\t\t\t\t\t\t<svg aria-hidden=\"true\" class=\"e-font-icon-svg e-fas-check\" viewBox=\"0 0 512 512\" xmlns=\"http:\/\/www.w3.org\/2000\/svg\"><path d=\"M173.898 439.404l-166.4-166.4c-9.997-9.997-9.997-26.206 0-36.204l36.203-36.204c9.997-9.998 26.207-9.998 36.204 0L192 312.69 432.095 72.596c9.997-9.997 26.207-9.997 36.204 0l36.203 36.204c9.997 9.997 9.997 26.206 0 36.204l-294.4 294.401c-9.998 9.997-26.207 9.997-36.204-.001z\"><\/path><\/svg>\t\t\t\t\t\t<\/span>\n\t\t\t\t\t\t\t\t\t\t<span class=\"elementor-icon-list-text\">Ahorro de espacio valioso<\/span>\n\t\t\t\t\t\t\t\t\t<\/li>\n\t\t\t\t\t\t\t\t<li class=\"elementor-icon-list-item elementor-inline-item\">\n\t\t\t\t\t\t\t\t\t\t\t<span class=\"elementor-icon-list-icon\">\n\t\t\t\t\t\t\t<svg aria-hidden=\"true\" class=\"e-font-icon-svg e-fas-check\" viewBox=\"0 0 512 512\" xmlns=\"http:\/\/www.w3.org\/2000\/svg\"><path d=\"M173.898 439.404l-166.4-166.4c-9.997-9.997-9.997-26.206 0-36.204l36.203-36.204c9.997-9.998 26.207-9.998 36.204 0L192 312.69 432.095 72.596c9.997-9.997 26.207-9.997 36.204 0l36.203 36.204c9.997 9.997 9.997 26.206 0 36.204l-294.4 294.401c-9.998 9.997-26.207 9.997-36.204-.001z\"><\/path><\/svg>\t\t\t\t\t\t<\/span>\n\t\t\t\t\t\t\t\t\t\t<span class=\"elementor-icon-list-text\">Seguro para el medio ambiente<\/span>\n\t\t\t\t\t\t\t\t\t<\/li>\n\t\t\t\t\t\t\t\t<li class=\"elementor-icon-list-item elementor-inline-item\">\n\t\t\t\t\t\t\t\t\t\t\t<span class=\"elementor-icon-list-icon\">\n\t\t\t\t\t\t\t<svg aria-hidden=\"true\" class=\"e-font-icon-svg e-fas-check\" viewBox=\"0 0 512 512\" xmlns=\"http:\/\/www.w3.org\/2000\/svg\"><path d=\"M173.898 439.404l-166.4-166.4c-9.997-9.997-9.997-26.206 0-36.204l36.203-36.204c9.997-9.998 26.207-9.998 36.204 0L192 312.69 432.095 72.596c9.997-9.997 26.207-9.997 36.204 0l36.203 36.204c9.997 9.997 9.997 26.206 0 36.204l-294.4 294.401c-9.998 9.997-26.207 9.997-36.204-.001z\"><\/path><\/svg>\t\t\t\t\t\t<\/span>\n\t\t\t\t\t\t\t\t\t\t<span class=\"elementor-icon-list-text\">Totalmente automatizado<\/span>\n\t\t\t\t\t\t\t\t\t<\/li>\n\t\t\t\t\t\t<\/ul>\n\t\t\t\t\t\t<\/div>\n\t\t\t\t<\/div>\n\t\t\t\t\t<\/div>\n\t\t\t\t<\/div>\n\t\t<div class=\"elementor-element elementor-element-12afd2a e-flex e-con-boxed e-con e-parent\" data-id=\"12afd2a\" data-element_type=\"container\" data-e-type=\"container\" data-settings=\"{&quot;_ha_eqh_enable&quot;:false}\">\n\t\t\t\t\t<div class=\"e-con-inner\">\n\t\t\t\t<div class=\"elementor-element elementor-element-07a9208 elementor-widget elementor-widget-text-editor\" data-id=\"07a9208\" data-element_type=\"widget\" data-e-type=\"widget\" data-widget_type=\"text-editor.default\">\n\t\t\t\t<div class=\"elementor-widget-container\">\n\t\t\t\t\t\t\t\t\t<div class=\"col-md-10\"><p>ESI Eurosilo BV, Newtonstraat 26-28, 1446 VR, Purmerend, (ESI) Pa\u00edses Bajos, es responsable del tratamiento de los datos personales seg\u00fan lo establecido en esta declaraci\u00f3n de privacidad.<\/p><h2>Datos de contacto<\/h2><p>www.eurosilo.com<br>Newtonstraat 26-28, 1446 VR, Purmerend<br>0299630730<\/p><h2>Datos personales que tratamos<\/h2><p>ESI procesa tus datos personales porque haces uso de nuestros servicios y\/o porque t\u00fa mismo nos los proporcionas. A continuaci\u00f3n encontrar\u00e1s un resumen de los datos personales que procesamos:<br>&#8211; Nombre y apellidos<br>&#8211; N\u00famero de tel\u00e9fono<br>&#8211; Direcci\u00f3n de correo electr\u00f3nico<br>&#8211; Tu direcci\u00f3n IP<br>&#8211; Datos sobre tus actividades en nuestro sitio web<br>&#8211; Datos sobre tu comportamiento de navegaci\u00f3n en varios sitios web (por ejemplo, porque esta empresa forma parte de una red publicitaria)<br>&#8211; Navegador de Internet y tipo de dispositivo <\/p><h2>Datos personales especiales y\/o sensibles que tratamos  <\/h2><p>Nuestro sitio web y\/o servicio no pretende recopilar datos sobre visitantes del sitio web menores de 16 a\u00f1os. A menos que tengan permiso de sus padres o tutores. Sin embargo, no podemos verificar si un visitante tiene m\u00e1s de 16 a\u00f1os. Por lo tanto, recomendamos que los padres se impliquen en las actividades en l\u00ednea de sus hijos, para evitar que se recojan datos sobre ellos sin permiso paterno. Si est\u00e1s convencido de que hemos recopilado datos personales de un menor sin dicho consentimiento, ponte en contacto con nosotros en esi@eurosilo.com y eliminaremos esta informaci\u00f3n.    <\/p><h2>Con qu\u00e9 finalidad y en base a qu\u00e9 tratamos los datos personales<\/h2><p>ESI trata tus datos personales para los siguientes fines:<br>&#8211; Enviarte nuestro bolet\u00edn y\/o folleto publicitario<br>&#8211; Poder llamarte o enviarte un correo electr\u00f3nico si es necesario para poder llevar a cabo nuestros servicios<br>&#8211; Informarte sobre cambios en nuestros servicios y productos<\/p><h2>Toma de decisiones automatizada<\/h2><p>ESI no toma ninguna decisi\u00f3n basada en un tratamiento automatizado que pueda tener consecuencias (significativas) para las personas. Estas decisiones las toman programas o sistemas inform\u00e1ticos, sin que intervenga ning\u00fan ser humano (por ejemplo, un empleado de ESI). <\/p><h2>Cu\u00e1nto tiempo conservamos los datos personales<\/h2><p>ESI no conserva tus datos personales m\u00e1s tiempo del estrictamente necesario para realizar los fines para los que se recogieron tus datos.<\/p><h2>Compartir datos personales con terceros<\/h2><p>ESI s\u00f3lo proporciona datos personales a terceros si es necesario para la ejecuci\u00f3n de nuestro acuerdo contigo o para cumplir una obligaci\u00f3n legal.<\/p><h2>Cookies o t\u00e9cnicas similares que utilizamos<\/h2><p>ESI utiliza cookies funcionales, anal\u00edticas y de seguimiento. Una cookie es un peque\u00f1o archivo de texto que se almacena en el navegador de tu ordenador, tableta o smartphone cuando visitas este sitio web por primera vez. ESI utiliza cookies con una funcionalidad puramente t\u00e9cnica. \u00c9stas garantizan que el sitio web funcione correctamente y que, por ejemplo, se recuerden tus preferencias. Estas cookies tambi\u00e9n se utilizan para que el sitio web funcione correctamente y para optimizarlo. Adem\u00e1s, colocamos cookies que rastrean tu comportamiento de navegaci\u00f3n para poder ofrecerte contenidos y anuncios personalizados. La primera vez que visitaste nuestro sitio web, te informamos sobre estas cookies y te pedimos permiso para colocarlas. Puedes darte de baja de las cookies configurando tu navegador de Internet de forma que ya no las almacene. Adem\u00e1s, puedes eliminar toda la informaci\u00f3n que se haya almacenado previamente utilizando la configuraci\u00f3n de tu navegador. Para obtener m\u00e1s informaci\u00f3n sobre las cookies, consulta nuestra declaraci\u00f3n sobre cookies.         <\/p><h2>Ver, modificar o borrar datos<\/h2><p>Tienes derecho a inspeccionar, corregir o eliminar tus datos personales. Tambi\u00e9n tienes derecho a retirar tu permiso para el tratamiento de datos o a oponerte al tratamiento de tus datos personales por parte de ESI y tienes derecho a la portabilidad de datos. Esto significa que puedes solicitarnos que te enviemos los datos personales que tenemos sobre ti en un archivo inform\u00e1tico a ti o a otra organizaci\u00f3n nombrada por ti. Puedes enviar una solicitud de inspecci\u00f3n, correcci\u00f3n, supresi\u00f3n, modificaci\u00f3n de datos o solicitud de retirada de tu permiso u objeci\u00f3n al tratamiento de tus datos personales a esi@eurosilo.com. Para asegurarnos de que la solicitud de inspecci\u00f3n ha sido realizada por ti, te pedimos que env\u00edes una copia de tu documento de identidad junto con la solicitud. Por favor, aseg\u00farate de que la foto de tu pasaporte, la MRZ (zona legible por m\u00e1quina), el n\u00famero de pasaporte y el N\u00famero de Atenci\u00f3n al Ciudadano (BSN) aparecen ennegrecidos en esta copia. Esto es para proteger tu intimidad. Responderemos a tu solicitud lo antes posible, pero en un plazo m\u00e1ximo de cuatro semanas. ESI tambi\u00e9n desea se\u00f1alar que tienes la opci\u00f3n de presentar una reclamaci\u00f3n ante la autoridad nacional de control, la Autoridad de Datos Personales de Holanda. Puedes hacerlo a trav\u00e9s del siguiente enlace: https:\/\/autoriteitpersoonsgegevens.nl\/nl\/contact-met-de-autoriteit-persoonsgegevens\/tip-ons         <\/p><h2>C\u00f3mo protegemos los datos personales<\/h2><p>ESI se toma en serio la protecci\u00f3n de tus datos y adopta las medidas adecuadas para evitar abusos, p\u00e9rdidas, accesos no autorizados, divulgaciones no deseadas y cambios no autorizados. Si crees que tu informaci\u00f3n no est\u00e1 debidamente protegida o hay indicios de abuso, ponte en contacto con nuestro servicio de atenci\u00f3n al cliente o a trav\u00e9s de esi@eurosilo.com. <\/p><section class=\"bg-section clr \"><\/section><\/div>\t\t\t\t\t\t\t\t<\/div>\n\t\t\t\t<\/div>\n\t\t\t\t\t<\/div>\n\t\t\t\t<\/div>\n\t\t\t\t<\/div>\n\t\t","protected":false},"excerpt":{"rendered":"<p>Pol\u00edtica de privacidad Large storage capacity Saving valuable space Environmentally safe Fully automated ESI Eurosilo BV, Newtonstraat 26-28, 1446 VR, [&hellip;]<\/p>\n","protected":false},"author":2,"featured_media":0,"parent":0,"menu_order":0,"comment_status":"closed","ping_status":"closed","template":"elementor_header_footer","meta":{"site-sidebar-layout":"no-sidebar","site-content-layout":"plain-container","ast-site-content-layout":"full-width-container","site-content-style":"default","site-sidebar-style":"default","ast-global-header-display":"","ast-banner-title-visibility":"","ast-main-header-display":"","ast-hfb-above-header-display":"","ast-hfb-below-header-display":"","ast-hfb-mobile-header-display":"","site-post-title":"disabled","ast-breadcrumbs-content":"","ast-featured-img":"disabled","footer-sml-layout":"","ast-disable-related-posts":"","theme-transparent-header-meta":"enabled","adv-header-id-meta":"","stick-header-meta":"","header-above-stick-meta":"","header-main-stick-meta":"","header-below-stick-meta":"","astra-migrate-meta-layouts":"default","ast-page-background-enabled":"default","ast-page-background-meta":{"desktop":{"background-color":"var(--ast-global-color-5)","background-image":"","background-repeat":"repeat","background-position":"center center","background-size":"auto","background-attachment":"scroll","background-type":"","background-media":"","overlay-type":"","overlay-color":"","overlay-opacity":"","overlay-gradient":""},"tablet":{"background-color":"","background-image":"","background-repeat":"repeat","background-position":"center center","background-size":"auto","background-attachment":"scroll","background-type":"","background-media":"","overlay-type":"","overlay-color":"","overlay-opacity":"","overlay-gradient":""},"mobile":{"background-color":"","background-image":"","background-repeat":"repeat","background-position":"center center","background-size":"auto","background-attachment":"scroll","background-type":"","background-media":"","overlay-type":"","overlay-color":"","overlay-opacity":"","overlay-gradient":""}},"ast-content-background-meta":{"desktop":{"background-color":"var(--ast-global-color-4)","background-image":"","background-repeat":"repeat","background-position":"center center","background-size":"auto","background-attachment":"scroll","background-type":"","background-media":"","overlay-type":"","overlay-color":"","overlay-opacity":"","overlay-gradient":""},"tablet":{"background-color":"var(--ast-global-color-4)","background-image":"","background-repeat":"repeat","background-position":"center center","background-size":"auto","background-attachment":"scroll","background-type":"","background-media":"","overlay-type":"","overlay-color":"","overlay-opacity":"","overlay-gradient":""},"mobile":{"background-color":"var(--ast-global-color-4)","background-image":"","background-repeat":"repeat","background-position":"center center","background-size":"auto","background-attachment":"scroll","background-type":"","background-media":"","overlay-type":"","overlay-color":"","overlay-opacity":"","overlay-gradient":""}},"footnotes":""},"class_list":["post-2278","page","type-page","status-publish","hentry"],"yoast_head":"<!-- This site is optimized with the Yoast SEO plugin v27.3 - https:\/\/yoast.com\/product\/yoast-seo-wordpress\/ -->\n<title>Pol\u00edtica de Privacidad | ESI Eurosilo | Soluciones y Tecnolog\u00eda de Almacenamiento<\/title>\n<meta name=\"robots\" content=\"index, follow, max-snippet:-1, max-image-preview:large, max-video-preview:-1\" \/>\n<link rel=\"canonical\" href=\"https:\/\/eurosilo.com\/es\/politica-de-privacidad\/\" \/>\n<meta property=\"og:locale\" content=\"es_ES\" \/>\n<meta property=\"og:type\" content=\"article\" \/>\n<meta property=\"og:title\" content=\"Pol\u00edtica de Privacidad | ESI Eurosilo | Soluciones y Tecnolog\u00eda de Almacenamiento\" \/>\n<meta property=\"og:description\" content=\"Pol\u00edtica de privacidad Large storage capacity Saving valuable space Environmentally safe Fully automated ESI Eurosilo BV, Newtonstraat 26-28, 1446 VR, [&hellip;]\" \/>\n<meta property=\"og:url\" content=\"https:\/\/eurosilo.com\/es\/politica-de-privacidad\/\" \/>\n<meta property=\"og:site_name\" content=\"ESI Eurosilo | L\u00edder global en almacenamiento vertical\" \/>\n<meta property=\"article:modified_time\" content=\"2025-07-11T12:59:38+00:00\" \/>\n<meta name=\"twitter:card\" content=\"summary_large_image\" \/>\n<meta name=\"twitter:label1\" content=\"Tiempo de lectura\" \/>\n\t<meta name=\"twitter:data1\" content=\"5 minutos\" \/>\n<script type=\"application\/ld+json\" class=\"yoast-schema-graph\">{\"@context\":\"https:\\\/\\\/schema.org\",\"@graph\":[{\"@type\":\"WebPage\",\"@id\":\"https:\\\/\\\/eurosilo.com\\\/es\\\/politica-de-privacidad\\\/\",\"url\":\"https:\\\/\\\/eurosilo.com\\\/es\\\/politica-de-privacidad\\\/\",\"name\":\"Pol\u00edtica de Privacidad | ESI Eurosilo | Soluciones y Tecnolog\u00eda de Almacenamiento\",\"isPartOf\":{\"@id\":\"https:\\\/\\\/eurosilo.com\\\/es\\\/#website\"},\"datePublished\":\"2025-06-17T12:02:06+00:00\",\"dateModified\":\"2025-07-11T12:59:38+00:00\",\"breadcrumb\":{\"@id\":\"https:\\\/\\\/eurosilo.com\\\/es\\\/politica-de-privacidad\\\/#breadcrumb\"},\"inLanguage\":\"es\",\"potentialAction\":[{\"@type\":\"ReadAction\",\"target\":[\"https:\\\/\\\/eurosilo.com\\\/es\\\/politica-de-privacidad\\\/\"]}]},{\"@type\":\"BreadcrumbList\",\"@id\":\"https:\\\/\\\/eurosilo.com\\\/es\\\/politica-de-privacidad\\\/#breadcrumb\",\"itemListElement\":[{\"@type\":\"ListItem\",\"position\":1,\"name\":\"Home\",\"item\":\"https:\\\/\\\/eurosilo.com\\\/es\\\/inicio\\\/\"},{\"@type\":\"ListItem\",\"position\":2,\"name\":\"Pol\u00edtica de privacidad\"}]},{\"@type\":\"WebSite\",\"@id\":\"https:\\\/\\\/eurosilo.com\\\/es\\\/#website\",\"url\":\"https:\\\/\\\/eurosilo.com\\\/es\\\/\",\"name\":\"ESI Eurosilo | L\u00edder global en almacenamiento vertical\",\"description\":\"\",\"publisher\":{\"@id\":\"https:\\\/\\\/eurosilo.com\\\/es\\\/#organization\"},\"potentialAction\":[{\"@type\":\"SearchAction\",\"target\":{\"@type\":\"EntryPoint\",\"urlTemplate\":\"https:\\\/\\\/eurosilo.com\\\/es\\\/?s={search_term_string}\"},\"query-input\":{\"@type\":\"PropertyValueSpecification\",\"valueRequired\":true,\"valueName\":\"search_term_string\"}}],\"inLanguage\":\"es\"},{\"@type\":\"Organization\",\"@id\":\"https:\\\/\\\/eurosilo.com\\\/es\\\/#organization\",\"name\":\"ESI Eurosilo | L\u00edder global en almacenamiento vertical\",\"url\":\"https:\\\/\\\/eurosilo.com\\\/es\\\/\",\"logo\":{\"@type\":\"ImageObject\",\"inLanguage\":\"es\",\"@id\":\"https:\\\/\\\/eurosilo.com\\\/es\\\/#\\\/schema\\\/logo\\\/image\\\/\",\"url\":\"https:\\\/\\\/eurosilo.com\\\/wp-content\\\/uploads\\\/2025\\\/05\\\/logo2.png\",\"contentUrl\":\"https:\\\/\\\/eurosilo.com\\\/wp-content\\\/uploads\\\/2025\\\/05\\\/logo2.png\",\"width\":1500,\"height\":300,\"caption\":\"ESI Eurosilo | L\u00edder global en almacenamiento vertical\"},\"image\":{\"@id\":\"https:\\\/\\\/eurosilo.com\\\/es\\\/#\\\/schema\\\/logo\\\/image\\\/\"}}]}<\/script>\n<!-- \/ Yoast SEO plugin. -->","yoast_head_json":{"title":"Pol\u00edtica de Privacidad | ESI Eurosilo | Soluciones y Tecnolog\u00eda de Almacenamiento","robots":{"index":"index","follow":"follow","max-snippet":"max-snippet:-1","max-image-preview":"max-image-preview:large","max-video-preview":"max-video-preview:-1"},"canonical":"https:\/\/eurosilo.com\/es\/politica-de-privacidad\/","og_locale":"es_ES","og_type":"article","og_title":"Pol\u00edtica de Privacidad | ESI Eurosilo | Soluciones y Tecnolog\u00eda de Almacenamiento","og_description":"Pol\u00edtica de privacidad Large storage capacity Saving valuable space Environmentally safe Fully automated ESI Eurosilo BV, Newtonstraat 26-28, 1446 VR, [&hellip;]","og_url":"https:\/\/eurosilo.com\/es\/politica-de-privacidad\/","og_site_name":"ESI Eurosilo | L\u00edder global en almacenamiento vertical","article_modified_time":"2025-07-11T12:59:38+00:00","twitter_card":"summary_large_image","twitter_misc":{"Tiempo de lectura":"5 minutos"},"schema":{"@context":"https:\/\/schema.org","@graph":[{"@type":"WebPage","@id":"https:\/\/eurosilo.com\/es\/politica-de-privacidad\/","url":"https:\/\/eurosilo.com\/es\/politica-de-privacidad\/","name":"Pol\u00edtica de Privacidad | ESI Eurosilo | Soluciones y Tecnolog\u00eda de Almacenamiento","isPartOf":{"@id":"https:\/\/eurosilo.com\/es\/#website"},"datePublished":"2025-06-17T12:02:06+00:00","dateModified":"2025-07-11T12:59:38+00:00","breadcrumb":{"@id":"https:\/\/eurosilo.com\/es\/politica-de-privacidad\/#breadcrumb"},"inLanguage":"es","potentialAction":[{"@type":"ReadAction","target":["https:\/\/eurosilo.com\/es\/politica-de-privacidad\/"]}]},{"@type":"BreadcrumbList","@id":"https:\/\/eurosilo.com\/es\/politica-de-privacidad\/#breadcrumb","itemListElement":[{"@type":"ListItem","position":1,"name":"Home","item":"https:\/\/eurosilo.com\/es\/inicio\/"},{"@type":"ListItem","position":2,"name":"Pol\u00edtica de privacidad"}]},{"@type":"WebSite","@id":"https:\/\/eurosilo.com\/es\/#website","url":"https:\/\/eurosilo.com\/es\/","name":"ESI Eurosilo | L\u00edder global en almacenamiento vertical","description":"","publisher":{"@id":"https:\/\/eurosilo.com\/es\/#organization"},"potentialAction":[{"@type":"SearchAction","target":{"@type":"EntryPoint","urlTemplate":"https:\/\/eurosilo.com\/es\/?s={search_term_string}"},"query-input":{"@type":"PropertyValueSpecification","valueRequired":true,"valueName":"search_term_string"}}],"inLanguage":"es"},{"@type":"Organization","@id":"https:\/\/eurosilo.com\/es\/#organization","name":"ESI Eurosilo | L\u00edder global en almacenamiento vertical","url":"https:\/\/eurosilo.com\/es\/","logo":{"@type":"ImageObject","inLanguage":"es","@id":"https:\/\/eurosilo.com\/es\/#\/schema\/logo\/image\/","url":"https:\/\/eurosilo.com\/wp-content\/uploads\/2025\/05\/logo2.png","contentUrl":"https:\/\/eurosilo.com\/wp-content\/uploads\/2025\/05\/logo2.png","width":1500,"height":300,"caption":"ESI Eurosilo | L\u00edder global en almacenamiento vertical"},"image":{"@id":"https:\/\/eurosilo.com\/es\/#\/schema\/logo\/image\/"}}]}},"_links":{"self":[{"href":"https:\/\/eurosilo.com\/es\/wp-json\/wp\/v2\/pages\/2278","targetHints":{"allow":["GET"]}}],"collection":[{"href":"https:\/\/eurosilo.com\/es\/wp-json\/wp\/v2\/pages"}],"about":[{"href":"https:\/\/eurosilo.com\/es\/wp-json\/wp\/v2\/types\/page"}],"author":[{"embeddable":true,"href":"https:\/\/eurosilo.com\/es\/wp-json\/wp\/v2\/users\/2"}],"replies":[{"embeddable":true,"href":"https:\/\/eurosilo.com\/es\/wp-json\/wp\/v2\/comments?post=2278"}],"version-history":[{"count":3,"href":"https:\/\/eurosilo.com\/es\/wp-json\/wp\/v2\/pages\/2278\/revisions"}],"predecessor-version":[{"id":2757,"href":"https:\/\/eurosilo.com\/es\/wp-json\/wp\/v2\/pages\/2278\/revisions\/2757"}],"wp:attachment":[{"href":"https:\/\/eurosilo.com\/es\/wp-json\/wp\/v2\/media?parent=2278"}],"curies":[{"name":"wp","href":"https:\/\/api.w.org\/{rel}","templated":true}]}}