{"id":2283,"date":"2025-06-17T12:02:06","date_gmt":"2025-06-17T12:02:06","guid":{"rendered":"https:\/\/staging.eurosilo.com\/datenschutzbestimmungen\/"},"modified":"2025-07-11T11:52:04","modified_gmt":"2025-07-11T11:52:04","slug":"datenschutzbestimmungen","status":"publish","type":"page","link":"https:\/\/eurosilo.com\/de\/datenschutzbestimmungen\/","title":{"rendered":"Datenschutzbestimmungen"},"content":{"rendered":"\t\t<div data-elementor-type=\"wp-page\" data-elementor-id=\"2283\" class=\"elementor elementor-2283 elementor-1347\" data-elementor-settings=\"{&quot;ha_cmc_init_switcher&quot;:&quot;no&quot;}\" data-elementor-post-type=\"page\">\n\t\t\t\t<div class=\"elementor-element elementor-element-3d72562 e-con-full e-flex e-con e-parent\" data-id=\"3d72562\" data-element_type=\"container\" data-e-type=\"container\" data-settings=\"{&quot;background_background&quot;:&quot;classic&quot;,&quot;_ha_eqh_enable&quot;:false}\">\n\t\t\t\t<div class=\"elementor-element elementor-element-9a0e6f5 elementor-widget elementor-widget-heading\" data-id=\"9a0e6f5\" data-element_type=\"widget\" data-e-type=\"widget\" data-widget_type=\"heading.default\">\n\t\t\t\t<div class=\"elementor-widget-container\">\n\t\t\t\t\t<h1 class=\"elementor-heading-title elementor-size-default\">Datenschutzbestimmungen<\/h1>\t\t\t\t<\/div>\n\t\t\t\t<\/div>\n\t\t\t\t<\/div>\n\t\t<div class=\"elementor-element elementor-element-7ad66b7 e-flex e-con-boxed e-con e-parent\" data-id=\"7ad66b7\" data-element_type=\"container\" data-e-type=\"container\" data-settings=\"{&quot;background_background&quot;:&quot;classic&quot;,&quot;_ha_eqh_enable&quot;:false}\">\n\t\t\t\t\t<div class=\"e-con-inner\">\n\t\t\t\t<div class=\"elementor-element elementor-element-0d9ba34 elementor-icon-list--layout-inline elementor-align-center elementor-mobile-align-start elementor-list-item-link-full_width elementor-widget elementor-widget-global elementor-global-2340 elementor-global-100 elementor-widget-icon-list\" data-id=\"0d9ba34\" data-element_type=\"widget\" data-e-type=\"widget\" data-widget_type=\"icon-list.default\">\n\t\t\t\t<div class=\"elementor-widget-container\">\n\t\t\t\t\t\t\t<ul class=\"elementor-icon-list-items elementor-inline-items\">\n\t\t\t\t\t\t\t<li class=\"elementor-icon-list-item elementor-inline-item\">\n\t\t\t\t\t\t\t\t\t\t\t<span class=\"elementor-icon-list-icon\">\n\t\t\t\t\t\t\t<svg aria-hidden=\"true\" class=\"e-font-icon-svg e-fas-check\" viewBox=\"0 0 512 512\" xmlns=\"http:\/\/www.w3.org\/2000\/svg\"><path d=\"M173.898 439.404l-166.4-166.4c-9.997-9.997-9.997-26.206 0-36.204l36.203-36.204c9.997-9.998 26.207-9.998 36.204 0L192 312.69 432.095 72.596c9.997-9.997 26.207-9.997 36.204 0l36.203 36.204c9.997 9.997 9.997 26.206 0 36.204l-294.4 294.401c-9.998 9.997-26.207 9.997-36.204-.001z\"><\/path><\/svg>\t\t\t\t\t\t<\/span>\n\t\t\t\t\t\t\t\t\t\t<span class=\"elementor-icon-list-text\">Gro\u00dfe Speicherkapazit\u00e4t<\/span>\n\t\t\t\t\t\t\t\t\t<\/li>\n\t\t\t\t\t\t\t\t<li class=\"elementor-icon-list-item elementor-inline-item\">\n\t\t\t\t\t\t\t\t\t\t\t<span class=\"elementor-icon-list-icon\">\n\t\t\t\t\t\t\t<svg aria-hidden=\"true\" class=\"e-font-icon-svg e-fas-check\" viewBox=\"0 0 512 512\" xmlns=\"http:\/\/www.w3.org\/2000\/svg\"><path d=\"M173.898 439.404l-166.4-166.4c-9.997-9.997-9.997-26.206 0-36.204l36.203-36.204c9.997-9.998 26.207-9.998 36.204 0L192 312.69 432.095 72.596c9.997-9.997 26.207-9.997 36.204 0l36.203 36.204c9.997 9.997 9.997 26.206 0 36.204l-294.4 294.401c-9.998 9.997-26.207 9.997-36.204-.001z\"><\/path><\/svg>\t\t\t\t\t\t<\/span>\n\t\t\t\t\t\t\t\t\t\t<span class=\"elementor-icon-list-text\">Sparen Sie wertvollen Platz<\/span>\n\t\t\t\t\t\t\t\t\t<\/li>\n\t\t\t\t\t\t\t\t<li class=\"elementor-icon-list-item elementor-inline-item\">\n\t\t\t\t\t\t\t\t\t\t\t<span class=\"elementor-icon-list-icon\">\n\t\t\t\t\t\t\t<svg aria-hidden=\"true\" class=\"e-font-icon-svg e-fas-check\" viewBox=\"0 0 512 512\" xmlns=\"http:\/\/www.w3.org\/2000\/svg\"><path d=\"M173.898 439.404l-166.4-166.4c-9.997-9.997-9.997-26.206 0-36.204l36.203-36.204c9.997-9.998 26.207-9.998 36.204 0L192 312.69 432.095 72.596c9.997-9.997 26.207-9.997 36.204 0l36.203 36.204c9.997 9.997 9.997 26.206 0 36.204l-294.4 294.401c-9.998 9.997-26.207 9.997-36.204-.001z\"><\/path><\/svg>\t\t\t\t\t\t<\/span>\n\t\t\t\t\t\t\t\t\t\t<span class=\"elementor-icon-list-text\">Umweltvertr\u00e4glich<\/span>\n\t\t\t\t\t\t\t\t\t<\/li>\n\t\t\t\t\t\t\t\t<li class=\"elementor-icon-list-item elementor-inline-item\">\n\t\t\t\t\t\t\t\t\t\t\t<span class=\"elementor-icon-list-icon\">\n\t\t\t\t\t\t\t<svg aria-hidden=\"true\" class=\"e-font-icon-svg e-fas-check\" viewBox=\"0 0 512 512\" xmlns=\"http:\/\/www.w3.org\/2000\/svg\"><path d=\"M173.898 439.404l-166.4-166.4c-9.997-9.997-9.997-26.206 0-36.204l36.203-36.204c9.997-9.998 26.207-9.998 36.204 0L192 312.69 432.095 72.596c9.997-9.997 26.207-9.997 36.204 0l36.203 36.204c9.997 9.997 9.997 26.206 0 36.204l-294.4 294.401c-9.998 9.997-26.207 9.997-36.204-.001z\"><\/path><\/svg>\t\t\t\t\t\t<\/span>\n\t\t\t\t\t\t\t\t\t\t<span class=\"elementor-icon-list-text\">Vollst\u00e4ndig automatisiert<\/span>\n\t\t\t\t\t\t\t\t\t<\/li>\n\t\t\t\t\t\t<\/ul>\n\t\t\t\t\t\t<\/div>\n\t\t\t\t<\/div>\n\t\t\t\t\t<\/div>\n\t\t\t\t<\/div>\n\t\t<div class=\"elementor-element elementor-element-12afd2a e-flex e-con-boxed e-con e-parent\" data-id=\"12afd2a\" data-element_type=\"container\" data-e-type=\"container\" data-settings=\"{&quot;_ha_eqh_enable&quot;:false}\">\n\t\t\t\t\t<div class=\"e-con-inner\">\n\t\t\t\t<div class=\"elementor-element elementor-element-07a9208 elementor-widget elementor-widget-text-editor\" data-id=\"07a9208\" data-element_type=\"widget\" data-e-type=\"widget\" data-widget_type=\"text-editor.default\">\n\t\t\t\t<div class=\"elementor-widget-container\">\n\t\t\t\t\t\t\t\t\t<div class=\"col-md-10\"><p>ESI Eurosilo BV, Newtonstraat 26-28, 1446 VR, Purmerend, (ESI) Niederlande, ist verantwortlich f\u00fcr die Verarbeitung personenbezogener Daten, wie in dieser Datenschutzerkl\u00e4rung dargelegt.<\/p><h2>Kontaktangaben<\/h2><p>www.eurosilo.com<br>Newtonstraat 26-28, 1446 VR, Purmerend<br>0299630730<\/p><h2>Pers\u00f6nliche Daten, die wir verarbeiten<\/h2><p>ESI verarbeitet Ihre personenbezogenen Daten, weil Sie unsere Dienste in Anspruch nehmen und\/oder weil Sie uns diese Daten selbst zur Verf\u00fcgung stellen. Im Folgenden finden Sie einen \u00dcberblick \u00fcber die personenbezogenen Daten, die wir verarbeiten:<br>&#8211; Vor- und Nachname<br>&#8211; Telefonnummer<br>&#8211; E-Mail-Adresse<br>&#8211; Ihre IP-Adresse<br>&#8211; Daten \u00fcber Ihre Aktivit\u00e4ten auf unserer Website<br>&#8211; Daten \u00fcber Ihr Surfverhalten auf verschiedenen Websites (z.B. weil dieses Unternehmen Teil eines Werbenetzwerks ist)<br>&#8211; Internetbrowser und Ger\u00e4tetyp <\/p><h2>Besondere und\/oder sensible pers\u00f6nliche Daten, die wir verarbeiten  <\/h2><p>Unsere Website und\/oder unser Service beabsichtigt nicht, Daten von Website-Besuchern zu sammeln, die j\u00fcnger als 16 Jahre alt sind. Es sei denn, sie haben die Erlaubnis ihrer Eltern oder ihres Vormunds. Wir k\u00f6nnen jedoch nicht \u00fcberpr\u00fcfen, ob ein Besucher \u00fcber 16 Jahre alt ist. Wir empfehlen daher, dass Eltern in die Online-Aktivit\u00e4ten ihrer Kinder einbezogen werden, um zu verhindern, dass Daten von Kindern ohne elterliche Erlaubnis gesammelt werden. Wenn Sie davon \u00fcberzeugt sind, dass wir personenbezogene Daten \u00fcber einen Minderj\u00e4hrigen ohne eine solche Zustimmung gesammelt haben, kontaktieren Sie uns bitte unter esi@eurosilo.com und wir werden diese Informationen l\u00f6schen.    <\/p><h2>Zu welchem Zweck und auf welcher Grundlage wir personenbezogene Daten verarbeiten<\/h2><p>ESI verarbeitet Ihre personenbezogenen Daten zu folgenden Zwecken:<br>&#8211; Um Ihnen unseren Newsletter und\/oder unsere Werbebrosch\u00fcre zuzusenden<br>&#8211; Um Sie anrufen oder Ihnen eine E-Mail schicken zu k\u00f6nnen, wenn dies f\u00fcr die Erbringung unserer Dienstleistungen erforderlich ist<br>&#8211; Um Sie \u00fcber \u00c4nderungen unserer Dienstleistungen und Produkte zu informieren<\/p><h2>Automatisierte Entscheidungsfindung<\/h2><p>ESI trifft keine Entscheidungen, die auf automatisierter Verarbeitung beruhen und (erhebliche) Folgen f\u00fcr Menschen haben k\u00f6nnten. Diese Entscheidungen werden von Computerprogrammen oder -systemen getroffen, ohne dass ein Mensch (zum Beispiel ein Mitarbeiter von ESI) daran beteiligt ist. <\/p><h2>Wie lange wir pers\u00f6nliche Daten aufbewahren<\/h2><p>ESI bewahrt Ihre pers\u00f6nlichen Daten nicht l\u00e4nger auf, als es unbedingt notwendig ist, um die Zwecke, f\u00fcr die Ihre Daten erhoben wurden, zu erf\u00fcllen.<\/p><h2>Weitergabe pers\u00f6nlicher Daten an Dritte<\/h2><p>ESI gibt personenbezogene Daten nur dann an Dritte weiter, wenn dies f\u00fcr die Ausf\u00fchrung unserer Vereinbarung mit Ihnen oder zur Erf\u00fcllung einer gesetzlichen Verpflichtung erforderlich ist.<\/p><h2>Cookies oder \u00e4hnliche Techniken, die wir verwenden<\/h2><p>ESI verwendet funktionale, analytische und Tracking-Cookies. Ein Cookie ist eine kleine Textdatei, die im Browser Ihres Computers, Tablets oder Smartphones gespeichert wird, wenn Sie diese Website zum ersten Mal besuchen. ESI verwendet Cookies mit einer rein technischen Funktion. Diese sorgen daf\u00fcr, dass die Website ordnungsgem\u00e4\u00df funktioniert und dass z.B. Ihre Pr\u00e4ferenzen gespeichert werden. Diese Cookies werden auch verwendet, damit die Website ordnungsgem\u00e4\u00df funktioniert und um sie zu optimieren. Dar\u00fcber hinaus platzieren wir Cookies, die Ihr Surfverhalten verfolgen, damit wir Ihnen ma\u00dfgeschneiderte Inhalte und Werbung anbieten k\u00f6nnen. Als Sie unsere Website zum ersten Mal besucht haben, haben wir Sie \u00fcber diese Cookies informiert und um Ihre Erlaubnis gebeten, sie zu platzieren. Sie k\u00f6nnen sich von Cookies abmelden, indem Sie Ihren Internetbrowser so konfigurieren, dass er keine Cookies mehr speichert. Au\u00dferdem k\u00f6nnen Sie alle Informationen, die zuvor gespeichert wurden, \u00fcber Ihre Browsereinstellungen l\u00f6schen. Weitere Informationen zu Cookies finden Sie in unserer Cookie-Erkl\u00e4rung.         <\/p><h2>Anzeigen, \u00c4ndern oder L\u00f6schen von Daten<\/h2><p>Sie haben das Recht, Ihre pers\u00f6nlichen Daten einzusehen, zu korrigieren oder zu l\u00f6schen. Sie haben auch das Recht, Ihre Zustimmung zur Datenverarbeitung zur\u00fcckzuziehen oder der Verarbeitung Ihrer personenbezogenen Daten durch ESI zu widersprechen, und Sie haben das Recht auf Daten\u00fcbertragbarkeit. Das bedeutet, dass Sie uns auffordern k\u00f6nnen, die pers\u00f6nlichen Daten, die wir \u00fcber Sie in einer Computerdatei gespeichert haben, an Sie oder eine andere von Ihnen benannte Organisation zu senden. Sie k\u00f6nnen einen Antrag auf Einsichtnahme, Berichtigung, L\u00f6schung, Daten\u00e4nderung oder einen Antrag auf Widerruf Ihrer Zustimmung oder Widerspruch gegen die Verarbeitung Ihrer personenbezogenen Daten an esi@eurosilo.com senden. Um sicherzustellen, dass der Antrag auf Einsichtnahme von Ihnen gestellt wurde, bitten wir Sie, eine Kopie Ihres Ausweises mitzuschicken. Bitte achten Sie darauf, dass Ihr Passfoto, die MRZ (maschinenlesbare Zone), die Passnummer und die B\u00fcrgerservicenummer (BSN) in dieser Kopie geschw\u00e4rzt sind. Dies dient dem Schutz Ihrer Privatsph\u00e4re. Wir werden Ihre Anfrage so schnell wie m\u00f6glich, jedoch innerhalb von vier Wochen, beantworten. ESI m\u00f6chte Sie auch darauf hinweisen, dass Sie die M\u00f6glichkeit haben, eine Beschwerde bei der nationalen Aufsichtsbeh\u00f6rde, der niederl\u00e4ndischen Beh\u00f6rde f\u00fcr personenbezogene Daten, einzureichen. Sie k\u00f6nnen dies \u00fcber den folgenden Link tun: https:\/\/autoriteitpersoonsgegevens.nl\/nl\/contact-met-de-autoriteit-persoonsgegevens\/tip-ons         <\/p><h2>Wie wir pers\u00f6nliche Daten sch\u00fctzen<\/h2><p>ESI nimmt den Schutz Ihrer Daten ernst und ergreift geeignete Ma\u00dfnahmen, um Missbrauch, Verlust, unbefugten Zugriff, unerw\u00fcnschte Offenlegung und unbefugte \u00c4nderungen zu verhindern. Wenn Sie das Gef\u00fchl haben, dass Ihre Daten nicht ordnungsgem\u00e4\u00df gesch\u00fctzt sind oder es Anzeichen f\u00fcr einen Missbrauch gibt, wenden Sie sich bitte an unseren Kundenservice oder \u00fcber esi@eurosilo.com. <\/p><section class=\"bg-section clr \"><\/section><\/div>\t\t\t\t\t\t\t\t<\/div>\n\t\t\t\t<\/div>\n\t\t\t\t\t<\/div>\n\t\t\t\t<\/div>\n\t\t\t\t<\/div>\n\t\t","protected":false},"excerpt":{"rendered":"<p>Datenschutzbestimmungen Large storage capacity Saving valuable space Environmentally safe Fully automated ESI Eurosilo BV, Newtonstraat 26-28, 1446 VR, Purmerend, (ESI) [&hellip;]<\/p>\n","protected":false},"author":2,"featured_media":0,"parent":0,"menu_order":0,"comment_status":"closed","ping_status":"closed","template":"elementor_header_footer","meta":{"site-sidebar-layout":"no-sidebar","site-content-layout":"plain-container","ast-site-content-layout":"full-width-container","site-content-style":"default","site-sidebar-style":"default","ast-global-header-display":"","ast-banner-title-visibility":"","ast-main-header-display":"","ast-hfb-above-header-display":"","ast-hfb-below-header-display":"","ast-hfb-mobile-header-display":"","site-post-title":"disabled","ast-breadcrumbs-content":"","ast-featured-img":"disabled","footer-sml-layout":"","ast-disable-related-posts":"","theme-transparent-header-meta":"enabled","adv-header-id-meta":"","stick-header-meta":"","header-above-stick-meta":"","header-main-stick-meta":"","header-below-stick-meta":"","astra-migrate-meta-layouts":"default","ast-page-background-enabled":"default","ast-page-background-meta":{"desktop":{"background-color":"var(--ast-global-color-5)","background-image":"","background-repeat":"repeat","background-position":"center center","background-size":"auto","background-attachment":"scroll","background-type":"","background-media":"","overlay-type":"","overlay-color":"","overlay-opacity":"","overlay-gradient":""},"tablet":{"background-color":"","background-image":"","background-repeat":"repeat","background-position":"center center","background-size":"auto","background-attachment":"scroll","background-type":"","background-media":"","overlay-type":"","overlay-color":"","overlay-opacity":"","overlay-gradient":""},"mobile":{"background-color":"","background-image":"","background-repeat":"repeat","background-position":"center center","background-size":"auto","background-attachment":"scroll","background-type":"","background-media":"","overlay-type":"","overlay-color":"","overlay-opacity":"","overlay-gradient":""}},"ast-content-background-meta":{"desktop":{"background-color":"var(--ast-global-color-4)","background-image":"","background-repeat":"repeat","background-position":"center center","background-size":"auto","background-attachment":"scroll","background-type":"","background-media":"","overlay-type":"","overlay-color":"","overlay-opacity":"","overlay-gradient":""},"tablet":{"background-color":"var(--ast-global-color-4)","background-image":"","background-repeat":"repeat","background-position":"center center","background-size":"auto","background-attachment":"scroll","background-type":"","background-media":"","overlay-type":"","overlay-color":"","overlay-opacity":"","overlay-gradient":""},"mobile":{"background-color":"var(--ast-global-color-4)","background-image":"","background-repeat":"repeat","background-position":"center center","background-size":"auto","background-attachment":"scroll","background-type":"","background-media":"","overlay-type":"","overlay-color":"","overlay-opacity":"","overlay-gradient":""}},"footnotes":""},"class_list":["post-2283","page","type-page","status-publish","hentry"],"yoast_head":"<!-- This site is optimized with the Yoast SEO plugin v27.3 - https:\/\/yoast.com\/product\/yoast-seo-wordpress\/ -->\n<title>Datenschutzerkl\u00e4rung | ESI Eurosilo | Speicherl\u00f6sungen &amp; Technologie<\/title>\n<meta name=\"robots\" content=\"index, follow, max-snippet:-1, max-image-preview:large, max-video-preview:-1\" \/>\n<link rel=\"canonical\" href=\"https:\/\/eurosilo.com\/de\/datenschutzbestimmungen\/\" \/>\n<meta property=\"og:locale\" content=\"de_DE\" \/>\n<meta property=\"og:type\" content=\"article\" \/>\n<meta property=\"og:title\" content=\"Datenschutzerkl\u00e4rung | ESI Eurosilo | Speicherl\u00f6sungen &amp; Technologie\" \/>\n<meta property=\"og:description\" content=\"Datenschutzbestimmungen Large storage capacity Saving valuable space Environmentally safe Fully automated ESI Eurosilo BV, Newtonstraat 26-28, 1446 VR, Purmerend, (ESI) [&hellip;]\" \/>\n<meta property=\"og:url\" content=\"https:\/\/eurosilo.com\/de\/datenschutzbestimmungen\/\" \/>\n<meta property=\"og:site_name\" content=\"ESI Eurosilo | Weltmarktf\u00fchrer f\u00fcr vertikale Lagerung\" \/>\n<meta property=\"article:modified_time\" content=\"2025-07-11T11:52:04+00:00\" \/>\n<meta name=\"twitter:card\" content=\"summary_large_image\" \/>\n<meta name=\"twitter:label1\" content=\"Gesch\u00e4tzte Lesezeit\" \/>\n\t<meta name=\"twitter:data1\" content=\"4\u00a0Minuten\" \/>\n<script type=\"application\/ld+json\" class=\"yoast-schema-graph\">{\"@context\":\"https:\\\/\\\/schema.org\",\"@graph\":[{\"@type\":\"WebPage\",\"@id\":\"https:\\\/\\\/eurosilo.com\\\/de\\\/datenschutzbestimmungen\\\/\",\"url\":\"https:\\\/\\\/eurosilo.com\\\/de\\\/datenschutzbestimmungen\\\/\",\"name\":\"Datenschutzerkl\u00e4rung | ESI Eurosilo | Speicherl\u00f6sungen & Technologie\",\"isPartOf\":{\"@id\":\"https:\\\/\\\/eurosilo.com\\\/de\\\/#website\"},\"datePublished\":\"2025-06-17T12:02:06+00:00\",\"dateModified\":\"2025-07-11T11:52:04+00:00\",\"breadcrumb\":{\"@id\":\"https:\\\/\\\/eurosilo.com\\\/de\\\/datenschutzbestimmungen\\\/#breadcrumb\"},\"inLanguage\":\"de\",\"potentialAction\":[{\"@type\":\"ReadAction\",\"target\":[\"https:\\\/\\\/eurosilo.com\\\/de\\\/datenschutzbestimmungen\\\/\"]}]},{\"@type\":\"BreadcrumbList\",\"@id\":\"https:\\\/\\\/eurosilo.com\\\/de\\\/datenschutzbestimmungen\\\/#breadcrumb\",\"itemListElement\":[{\"@type\":\"ListItem\",\"position\":1,\"name\":\"Home\",\"item\":\"https:\\\/\\\/eurosilo.com\\\/de\\\/startseite\\\/\"},{\"@type\":\"ListItem\",\"position\":2,\"name\":\"Datenschutzbestimmungen\"}]},{\"@type\":\"WebSite\",\"@id\":\"https:\\\/\\\/eurosilo.com\\\/de\\\/#website\",\"url\":\"https:\\\/\\\/eurosilo.com\\\/de\\\/\",\"name\":\"ESI Eurosilo | Weltmarktf\u00fchrer f\u00fcr vertikale Lagerung\",\"description\":\"\",\"publisher\":{\"@id\":\"https:\\\/\\\/eurosilo.com\\\/de\\\/#organization\"},\"potentialAction\":[{\"@type\":\"SearchAction\",\"target\":{\"@type\":\"EntryPoint\",\"urlTemplate\":\"https:\\\/\\\/eurosilo.com\\\/de\\\/?s={search_term_string}\"},\"query-input\":{\"@type\":\"PropertyValueSpecification\",\"valueRequired\":true,\"valueName\":\"search_term_string\"}}],\"inLanguage\":\"de\"},{\"@type\":\"Organization\",\"@id\":\"https:\\\/\\\/eurosilo.com\\\/de\\\/#organization\",\"name\":\"ESI Eurosilo | Weltmarktf\u00fchrer f\u00fcr vertikale Lagerung\",\"url\":\"https:\\\/\\\/eurosilo.com\\\/de\\\/\",\"logo\":{\"@type\":\"ImageObject\",\"inLanguage\":\"de\",\"@id\":\"https:\\\/\\\/eurosilo.com\\\/de\\\/#\\\/schema\\\/logo\\\/image\\\/\",\"url\":\"https:\\\/\\\/eurosilo.com\\\/wp-content\\\/uploads\\\/2025\\\/05\\\/logo2.png\",\"contentUrl\":\"https:\\\/\\\/eurosilo.com\\\/wp-content\\\/uploads\\\/2025\\\/05\\\/logo2.png\",\"width\":1500,\"height\":300,\"caption\":\"ESI Eurosilo | Weltmarktf\u00fchrer f\u00fcr vertikale Lagerung\"},\"image\":{\"@id\":\"https:\\\/\\\/eurosilo.com\\\/de\\\/#\\\/schema\\\/logo\\\/image\\\/\"}}]}<\/script>\n<!-- \/ Yoast SEO plugin. -->","yoast_head_json":{"title":"Datenschutzerkl\u00e4rung | ESI Eurosilo | Speicherl\u00f6sungen & Technologie","robots":{"index":"index","follow":"follow","max-snippet":"max-snippet:-1","max-image-preview":"max-image-preview:large","max-video-preview":"max-video-preview:-1"},"canonical":"https:\/\/eurosilo.com\/de\/datenschutzbestimmungen\/","og_locale":"de_DE","og_type":"article","og_title":"Datenschutzerkl\u00e4rung | ESI Eurosilo | Speicherl\u00f6sungen & Technologie","og_description":"Datenschutzbestimmungen Large storage capacity Saving valuable space Environmentally safe Fully automated ESI Eurosilo BV, Newtonstraat 26-28, 1446 VR, Purmerend, (ESI) [&hellip;]","og_url":"https:\/\/eurosilo.com\/de\/datenschutzbestimmungen\/","og_site_name":"ESI Eurosilo | Weltmarktf\u00fchrer f\u00fcr vertikale Lagerung","article_modified_time":"2025-07-11T11:52:04+00:00","twitter_card":"summary_large_image","twitter_misc":{"Gesch\u00e4tzte Lesezeit":"4\u00a0Minuten"},"schema":{"@context":"https:\/\/schema.org","@graph":[{"@type":"WebPage","@id":"https:\/\/eurosilo.com\/de\/datenschutzbestimmungen\/","url":"https:\/\/eurosilo.com\/de\/datenschutzbestimmungen\/","name":"Datenschutzerkl\u00e4rung | ESI Eurosilo | Speicherl\u00f6sungen & Technologie","isPartOf":{"@id":"https:\/\/eurosilo.com\/de\/#website"},"datePublished":"2025-06-17T12:02:06+00:00","dateModified":"2025-07-11T11:52:04+00:00","breadcrumb":{"@id":"https:\/\/eurosilo.com\/de\/datenschutzbestimmungen\/#breadcrumb"},"inLanguage":"de","potentialAction":[{"@type":"ReadAction","target":["https:\/\/eurosilo.com\/de\/datenschutzbestimmungen\/"]}]},{"@type":"BreadcrumbList","@id":"https:\/\/eurosilo.com\/de\/datenschutzbestimmungen\/#breadcrumb","itemListElement":[{"@type":"ListItem","position":1,"name":"Home","item":"https:\/\/eurosilo.com\/de\/startseite\/"},{"@type":"ListItem","position":2,"name":"Datenschutzbestimmungen"}]},{"@type":"WebSite","@id":"https:\/\/eurosilo.com\/de\/#website","url":"https:\/\/eurosilo.com\/de\/","name":"ESI Eurosilo | Weltmarktf\u00fchrer f\u00fcr vertikale Lagerung","description":"","publisher":{"@id":"https:\/\/eurosilo.com\/de\/#organization"},"potentialAction":[{"@type":"SearchAction","target":{"@type":"EntryPoint","urlTemplate":"https:\/\/eurosilo.com\/de\/?s={search_term_string}"},"query-input":{"@type":"PropertyValueSpecification","valueRequired":true,"valueName":"search_term_string"}}],"inLanguage":"de"},{"@type":"Organization","@id":"https:\/\/eurosilo.com\/de\/#organization","name":"ESI Eurosilo | Weltmarktf\u00fchrer f\u00fcr vertikale Lagerung","url":"https:\/\/eurosilo.com\/de\/","logo":{"@type":"ImageObject","inLanguage":"de","@id":"https:\/\/eurosilo.com\/de\/#\/schema\/logo\/image\/","url":"https:\/\/eurosilo.com\/wp-content\/uploads\/2025\/05\/logo2.png","contentUrl":"https:\/\/eurosilo.com\/wp-content\/uploads\/2025\/05\/logo2.png","width":1500,"height":300,"caption":"ESI Eurosilo | Weltmarktf\u00fchrer f\u00fcr vertikale Lagerung"},"image":{"@id":"https:\/\/eurosilo.com\/de\/#\/schema\/logo\/image\/"}}]}},"_links":{"self":[{"href":"https:\/\/eurosilo.com\/de\/wp-json\/wp\/v2\/pages\/2283","targetHints":{"allow":["GET"]}}],"collection":[{"href":"https:\/\/eurosilo.com\/de\/wp-json\/wp\/v2\/pages"}],"about":[{"href":"https:\/\/eurosilo.com\/de\/wp-json\/wp\/v2\/types\/page"}],"author":[{"embeddable":true,"href":"https:\/\/eurosilo.com\/de\/wp-json\/wp\/v2\/users\/2"}],"replies":[{"embeddable":true,"href":"https:\/\/eurosilo.com\/de\/wp-json\/wp\/v2\/comments?post=2283"}],"version-history":[{"count":3,"href":"https:\/\/eurosilo.com\/de\/wp-json\/wp\/v2\/pages\/2283\/revisions"}],"predecessor-version":[{"id":2760,"href":"https:\/\/eurosilo.com\/de\/wp-json\/wp\/v2\/pages\/2283\/revisions\/2760"}],"wp:attachment":[{"href":"https:\/\/eurosilo.com\/de\/wp-json\/wp\/v2\/media?parent=2283"}],"curies":[{"name":"wp","href":"https:\/\/api.w.org\/{rel}","templated":true}]}}